{"id":133,"date":"2020-09-15T06:48:15","date_gmt":"2020-09-15T06:48:15","guid":{"rendered":"http:\/\/cetinhukukdanismanlik.com\/?page_id=133"},"modified":"2022-05-06T11:02:44","modified_gmt":"2022-05-06T11:02:44","slug":"home","status":"publish","type":"page","link":"https:\/\/cetinhukukdanismanlik.com\/","title":{"rendered":"Ana sayfa"},"content":{"rendered":"\t\t<div data-elementor-type=\"wp-page\" data-elementor-id=\"133\" class=\"elementor elementor-133\">\n\t\t\t\t\t\t\t\t\t<section class=\"elementor-section elementor-top-section elementor-element elementor-element-7ddb6df3 elementor-section-boxed elementor-section-height-default elementor-section-height-default\" data-id=\"7ddb6df3\" data-element_type=\"section\">\n\t\t\t\t\t\t<div class=\"elementor-container elementor-column-gap-default\">\n\t\t\t\t\t<div class=\"elementor-column elementor-col-100 elementor-top-column elementor-element elementor-element-34c3626c\" data-id=\"34c3626c\" data-element_type=\"column\">\n\t\t\t<div class=\"elementor-widget-wrap elementor-element-populated\">\n\t\t\t\t\t\t\t\t<div class=\"elementor-element elementor-element-288ca279 elementor-widget elementor-widget-text-editor\" data-id=\"288ca279\" data-element_type=\"widget\" data-widget_type=\"text-editor.default\">\n\t\t\t\t<div class=\"elementor-widget-container\">\n\t\t\t<style>\/*! elementor - v3.6.5 - 27-04-2022 *\/\n.elementor-widget-text-editor.elementor-drop-cap-view-stacked .elementor-drop-cap{background-color:#818a91;color:#fff}.elementor-widget-text-editor.elementor-drop-cap-view-framed .elementor-drop-cap{color:#818a91;border:3px solid;background-color:transparent}.elementor-widget-text-editor:not(.elementor-drop-cap-view-default) .elementor-drop-cap{margin-top:8px}.elementor-widget-text-editor:not(.elementor-drop-cap-view-default) .elementor-drop-cap-letter{width:1em;height:1em}.elementor-widget-text-editor .elementor-drop-cap{float:left;text-align:center;line-height:1;font-size:50px}.elementor-widget-text-editor .elementor-drop-cap-letter{display:inline-block}<\/style>\t\t\t\t<p><!-- wp:cover {\"url\":\"http:\/\/cetinhukukdanismanlik.com\/wp-content\/uploads\/2022\/04\/2.jpg\",\"id\":6,\"dimRatio\":50,\"customOverlayColor\":\"#000000\",\"minHeight\":750,\"isDark\":false,\"align\":\"full\"} --><\/p>\n<div class=\"wp-block-cover alignfull is-light\" style=\"min-height: 750px;\">\n<p><img loading=\"lazy\" decoding=\"async\" width=\"1024\" height=\"681\" class=\"wp-block-cover__image-background wp-image-6\" src=\"http:\/\/cetinhukukdanismanlik.com\/wp-content\/uploads\/2022\/04\/2.jpg\" alt=\"\" data-object-fit=\"cover\" srcset=\"https:\/\/cetinhukukdanismanlik.com\/wp-content\/uploads\/2022\/04\/2.jpg 1024w, https:\/\/cetinhukukdanismanlik.com\/wp-content\/uploads\/2022\/04\/2-300x200.jpg 300w, https:\/\/cetinhukukdanismanlik.com\/wp-content\/uploads\/2022\/04\/2-768x511.jpg 768w\" sizes=\"auto, (max-width: 1024px) 100vw, 1024px\" \/><\/p>\n<div class=\"wp-block-cover__inner-container\">\n<p><!-- wp:heading {\"level\":1,\"style\":{\"color\":{\"text\":\"#ffffff\"}},\"className\":\"has-text-align-center\"} --><\/p>\n<h1 class=\"has-text-align-center has-text-color\" style=\"color: #ffffff;\">\u00c7etin hukuk dan\u0131\u015fmanl\u0131k<\/h1><\/div><\/div><div class=\"wp-block-group alignfull has-ast-global-color-5-background-color has-background\"><div class=\"wp-block-columns alignwide\"><div class=\"wp-block-column\"><div class=\"wp-block-group\"><div class=\"wp-block-buttons\"><p><!-- \/wp:button --><\/p>\n<\/div>\n<p><!-- \/wp:buttons --><\/p>\n<\/div>\n<p><!-- \/wp:group --><\/p>\n<\/div>\n<p><br><\/p><\/div><\/div>\n<p><!-- \/wp:group --><\/p>\n<p><!-- wp:paragraph --><\/p>\n<p><!-- \/wp:paragraph --><\/p>\t\t\t\t\t\t<\/div>\n\t\t\t\t<\/div>\n\t\t\t\t\t<\/div>\n\t\t<\/div>\n\t\t\t\t\t\t\t<\/div>\n\t\t<\/section>\n\t\t\t\t\t\t\t<\/div>\n\t\t","protected":false},"excerpt":{"rendered":"","protected":false},"author":1,"featured_media":0,"parent":0,"menu_order":0,"comment_status":"closed","ping_status":"closed","template":"elementor_header_footer","meta":{"footnotes":""},"class_list":["post-133","page","type-page","status-publish"],"yoast_head":"<!-- This site is optimized with the Yoast SEO plugin v18.6 - https:\/\/yoast.com\/wordpress\/plugins\/seo\/ -->\n<title>Ana sayfa - \u00c7etin Hukuk B\u00fcrosu<\/title>\n<meta name=\"robots\" content=\"index, follow, max-snippet:-1, max-image-preview:large, max-video-preview:-1\" \/>\n<link rel=\"canonical\" href=\"https:\/\/cetinhukukdanismanlik.com\/\" \/>\n<meta property=\"og:locale\" content=\"tr_TR\" \/>\n<meta property=\"og:type\" content=\"article\" \/>\n<meta property=\"og:title\" content=\"Ana sayfa - \u00c7etin Hukuk B\u00fcrosu\" \/>\n<meta property=\"og:url\" content=\"https:\/\/cetinhukukdanismanlik.com\/\" \/>\n<meta property=\"og:site_name\" content=\"\u00c7etin Hukuk B\u00fcrosu\" \/>\n<meta property=\"article:modified_time\" content=\"2022-05-06T11:02:44+00:00\" \/>\n<meta property=\"og:image\" content=\"http:\/\/cetinhukukdanismanlik.com\/wp-content\/uploads\/2022\/04\/2.jpg\" \/>\n<meta name=\"twitter:card\" content=\"summary_large_image\" \/>\n<meta name=\"twitter:label1\" content=\"Tahmini okuma s\u00fcresi\" \/>\n\t<meta name=\"twitter:data1\" content=\"1 dakika\" \/>\n<script type=\"application\/ld+json\" class=\"yoast-schema-graph\">{\"@context\":\"https:\/\/schema.org\",\"@graph\":[{\"@type\":\"WebSite\",\"@id\":\"https:\/\/cetinhukukdanismanlik.com\/#website\",\"url\":\"https:\/\/cetinhukukdanismanlik.com\/\",\"name\":\"\u00c7etin Hukuk B\u00fcrosu\",\"description\":\"\u00c7etin Hukuk Dan\u0131\u015fmanl\u0131k\",\"potentialAction\":[{\"@type\":\"SearchAction\",\"target\":{\"@type\":\"EntryPoint\",\"urlTemplate\":\"https:\/\/cetinhukukdanismanlik.com\/?s={search_term_string}\"},\"query-input\":\"required name=search_term_string\"}],\"inLanguage\":\"tr\"},{\"@type\":\"ImageObject\",\"@id\":\"https:\/\/cetinhukukdanismanlik.com\/#primaryimage\",\"inLanguage\":\"tr\",\"url\":\"https:\/\/cetinhukukdanismanlik.com\/wp-content\/uploads\/2022\/04\/2.jpg\",\"contentUrl\":\"https:\/\/cetinhukukdanismanlik.com\/wp-content\/uploads\/2022\/04\/2.jpg\",\"width\":1024,\"height\":681},{\"@type\":\"WebPage\",\"@id\":\"https:\/\/cetinhukukdanismanlik.com\/#webpage\",\"url\":\"https:\/\/cetinhukukdanismanlik.com\/\",\"name\":\"Ana sayfa - \u00c7etin Hukuk B\u00fcrosu\",\"isPartOf\":{\"@id\":\"https:\/\/cetinhukukdanismanlik.com\/#website\"},\"primaryImageOfPage\":{\"@id\":\"https:\/\/cetinhukukdanismanlik.com\/#primaryimage\"},\"datePublished\":\"2020-09-15T06:48:15+00:00\",\"dateModified\":\"2022-05-06T11:02:44+00:00\",\"breadcrumb\":{\"@id\":\"https:\/\/cetinhukukdanismanlik.com\/#breadcrumb\"},\"inLanguage\":\"tr\",\"potentialAction\":[{\"@type\":\"ReadAction\",\"target\":[\"https:\/\/cetinhukukdanismanlik.com\/\"]}]},{\"@type\":\"BreadcrumbList\",\"@id\":\"https:\/\/cetinhukukdanismanlik.com\/#breadcrumb\",\"itemListElement\":[{\"@type\":\"ListItem\",\"position\":1,\"name\":\"Anasayfa\",\"item\":\"https:\/\/cetinhukukdanismanlik.com\/\"},{\"@type\":\"ListItem\",\"position\":2,\"name\":\"Ana sayfa\"}]}]}<\/script>\n<!-- \/ Yoast SEO plugin. -->","yoast_head_json":{"title":"Ana sayfa - \u00c7etin Hukuk B\u00fcrosu","robots":{"index":"index","follow":"follow","max-snippet":"max-snippet:-1","max-image-preview":"max-image-preview:large","max-video-preview":"max-video-preview:-1"},"canonical":"https:\/\/cetinhukukdanismanlik.com\/","og_locale":"tr_TR","og_type":"article","og_title":"Ana sayfa - \u00c7etin Hukuk B\u00fcrosu","og_url":"https:\/\/cetinhukukdanismanlik.com\/","og_site_name":"\u00c7etin Hukuk B\u00fcrosu","article_modified_time":"2022-05-06T11:02:44+00:00","og_image":[{"url":"http:\/\/cetinhukukdanismanlik.com\/wp-content\/uploads\/2022\/04\/2.jpg"}],"twitter_card":"summary_large_image","twitter_misc":{"Tahmini okuma s\u00fcresi":"1 dakika"},"schema":{"@context":"https:\/\/schema.org","@graph":[{"@type":"WebSite","@id":"https:\/\/cetinhukukdanismanlik.com\/#website","url":"https:\/\/cetinhukukdanismanlik.com\/","name":"\u00c7etin Hukuk B\u00fcrosu","description":"\u00c7etin Hukuk Dan\u0131\u015fmanl\u0131k","potentialAction":[{"@type":"SearchAction","target":{"@type":"EntryPoint","urlTemplate":"https:\/\/cetinhukukdanismanlik.com\/?s={search_term_string}"},"query-input":"required name=search_term_string"}],"inLanguage":"tr"},{"@type":"ImageObject","@id":"https:\/\/cetinhukukdanismanlik.com\/#primaryimage","inLanguage":"tr","url":"https:\/\/cetinhukukdanismanlik.com\/wp-content\/uploads\/2022\/04\/2.jpg","contentUrl":"https:\/\/cetinhukukdanismanlik.com\/wp-content\/uploads\/2022\/04\/2.jpg","width":1024,"height":681},{"@type":"WebPage","@id":"https:\/\/cetinhukukdanismanlik.com\/#webpage","url":"https:\/\/cetinhukukdanismanlik.com\/","name":"Ana sayfa - \u00c7etin Hukuk B\u00fcrosu","isPartOf":{"@id":"https:\/\/cetinhukukdanismanlik.com\/#website"},"primaryImageOfPage":{"@id":"https:\/\/cetinhukukdanismanlik.com\/#primaryimage"},"datePublished":"2020-09-15T06:48:15+00:00","dateModified":"2022-05-06T11:02:44+00:00","breadcrumb":{"@id":"https:\/\/cetinhukukdanismanlik.com\/#breadcrumb"},"inLanguage":"tr","potentialAction":[{"@type":"ReadAction","target":["https:\/\/cetinhukukdanismanlik.com\/"]}]},{"@type":"BreadcrumbList","@id":"https:\/\/cetinhukukdanismanlik.com\/#breadcrumb","itemListElement":[{"@type":"ListItem","position":1,"name":"Anasayfa","item":"https:\/\/cetinhukukdanismanlik.com\/"},{"@type":"ListItem","position":2,"name":"Ana sayfa"}]}]}},"_links":{"self":[{"href":"https:\/\/cetinhukukdanismanlik.com\/index.php?rest_route=\/wp\/v2\/pages\/133","targetHints":{"allow":["GET"]}}],"collection":[{"href":"https:\/\/cetinhukukdanismanlik.com\/index.php?rest_route=\/wp\/v2\/pages"}],"about":[{"href":"https:\/\/cetinhukukdanismanlik.com\/index.php?rest_route=\/wp\/v2\/types\/page"}],"author":[{"embeddable":true,"href":"https:\/\/cetinhukukdanismanlik.com\/index.php?rest_route=\/wp\/v2\/users\/1"}],"replies":[{"embeddable":true,"href":"https:\/\/cetinhukukdanismanlik.com\/index.php?rest_route=%2Fwp%2Fv2%2Fcomments&post=133"}],"version-history":[{"count":19,"href":"https:\/\/cetinhukukdanismanlik.com\/index.php?rest_route=\/wp\/v2\/pages\/133\/revisions"}],"predecessor-version":[{"id":233,"href":"https:\/\/cetinhukukdanismanlik.com\/index.php?rest_route=\/wp\/v2\/pages\/133\/revisions\/233"}],"wp:attachment":[{"href":"https:\/\/cetinhukukdanismanlik.com\/index.php?rest_route=%2Fwp%2Fv2%2Fmedia&parent=133"}],"curies":[{"name":"wp","href":"https:\/\/api.w.org\/{rel}","templated":true}]}}